{"id":3,"date":"2025-02-13T21:25:37","date_gmt":"2025-02-13T21:25:37","guid":{"rendered":"https:\/\/www.wiaduktpileckiego.pl\/?page_id=3"},"modified":"2025-04-24T18:02:20","modified_gmt":"2025-04-24T18:02:20","slug":"privacy-policy","status":"publish","type":"page","link":"https:\/\/www.wiaduktpileckiego.pl\/?page_id=3","title":{"rendered":"Polityka prywatno\u015bci"},"content":{"rendered":"\n<ol class=\"wp-block-list\">\n<li>Administrator danych osobowych<br>Administratorem Pani\/Pana danych osobowych jest stowarzyszenie Projekt Ursyn\u00f3w z siedzib\u0105 w Warszawie przy ul. Lasek Brzozowy 12 lok. 44 zarejestrowane w KRS pod nr. 0000597204 (dalej jako: administrator danych, stowarzyszenie). Z administratorem danych mo\u017cna si\u0119 skontaktowa\u0107 poprzez adres e-mail: kontakt@projektursynow.org.<\/li>\n\n\n\n<li>Podstawa prawna i cel przetwarzania danych osobowych<br>Dane osobowe, kt\u00f3rych podanie wi\u0105\u017ce si\u0119 z korzystaniem z formularza<br>udost\u0119pnionego na stronie wiaduktpileckiego.pl, b\u0119d\u0105 przetwarzane zgodnie z rozporz\u0105dzeniem Parlamentu Europejskiego i Rady UE nr 2016\/679 z 27 kwietnia 2016 r. w sprawie ochrony os\u00f3b fizycznych w zwi\u0105zku z przetwarzaniem danych osobowych i w sprawie swobodnego przep\u0142ywu takich danych (RODO) oraz ustaw\u0105 z 10 maja 2018 r. o ochronie danych osobowych (t.j. Dz. U. z 2019 r. poz. 1781). Podstaw\u0105 do przetwarzania danych osobowych b\u0119dzie Pani\/Pana zgoda na<br>przetwarzanie danych osobowych udzielana w celu przekazania do prezydenta m.st. Warszawy, za po\u015brednictwem udost\u0119pnianego przez administratora danych formularza, petycji w sprawie wiaduktu na skrzy\u017cowaniu ul. Pileckiego i Pu\u0142awskiej, a tak\u017ce informowania przez stowarzyszenie o wszelkich dalszych dzia\u0142aniach zwi\u0105zanych z przebudow\u0105 skrzy\u017cowania ul. Pileckiego i Pu\u0142awskiej oraz powi\u0105zanych z tym zagadnieniem sprawach wa\u017cnych dla spo\u0142eczno\u015bci Ursynowa, a podejmowanych przez stowarzyszenie (art. 6 ust. 1 lit. a RODO).<br>Uwagi zostan\u0105 przekazane do prezydenta m.st. Warszawy za po\u015brednictwem Urz\u0119du m.st. Warszawy. Szczeg\u00f3\u0142owe informacje na temat praw zwi\u0105zanych z przetwarzaniem danych osobowych przez Urz\u0105d m.st. Warszawy w tej sprawie mo\u017cna znale\u017a\u0107 na stronie tego\u017c urz\u0119du. Z kolei do informowania przez stowarzyszenie o wszelkich dalszych dzia\u0142aniach zwi\u0105zanych ze zbieraniem uwag do projektu studium b\u0119d\u0105 wykorzystywane wy\u0142\u0105cznie adresy poczty elektronicznej os\u00f3b korzystaj\u0105cych z formularza.<\/li>\n\n\n\n<li>Informacja o dobrowolno\u015bci podania danych osobowych<br>Podanie przez Pani\u0105\/Pana danych osobowych jest dobrowolne, lecz niezb\u0119dne w celu skutecznego z\u0142o\u017cenia uwag do projektu studium, o czym stanowi art. 8c ustawy o planowaniu i zagospodarowaniu przestrzennym.<br>Strona wiaduktpileckiego.pl jest stworzonym przez stowarzyszenie Projekt<br>Ursyn\u00f3w narz\u0119dziem u\u0142atwiaj\u0105cym podpisane petycji dot. przebudowy wiaduktu na skrzy\u017cowaniu ul. Pileckiego i Pu\u0142awskiej. Dzi\u0119ki korzystaniu z tego narz\u0119dzia zainteresowani mog\u0105 r\u00f3wnie\u017c otrzyma\u0107 informacje o dalszych dzia\u0142aniach zwi\u0105zanych z przebiegiem przebudowy prowadzonej przez w\u0142a\u015bciwe w\u0142adze samorz\u0105dowe. Zgod\u0119 na informowanie przez stowarzyszenie o wszelkich dalszych dzia\u0142aniach zwi\u0105zanych ze zbieraniem uwag do projektu uwag mo\u017cna w ka\u017cdej chwili wycofa\u0107, bez konieczno\u015bci podawania powod\u00f3w, kontaktuj\u0105c si\u0119 z administratorem danych.<\/li>\n<\/ol>\n\n\n\n<p>Prawo wniesienia skargi do organu nadzorczego<br>Ka\u017cda osoba, kt\u00f3rej dane s\u0105 przetwarzane przez administratora ma prawo wnie\u015b\u0107 skarg\u0119 na przetwarzanie danych do Prezesa Urz\u0119du Ochrony Danych Osobowych (uodo.gov.pl).<\/p>\n\n\n\n<p>Okres przetwarzania danych osobowych<br>Dane osobowe s\u0105 przetwarzane b\u0119d\u0105 przez okres dzia\u0142alno\u015bci administratora, jednak nie d\u0142u\u017cej, ni\u017c do momentu cofni\u0119cia zgody na ich przetwarzanie. Wycofanie zgody nie wp\u0142ywa na zgodno\u015b\u0107 z prawem przetwarzania danych, kt\u00f3rego dokonano od momentu wyra\u017cenia zgody do chwili jej wycofania.<\/p>\n\n\n\n<p>Prawa zwi\u0105zane z przetwarzaniem danych osobowych<br>W zwi\u0105zku z przetwarzaniem Pani\/Pana danych osobowych przys\u0142uguj\u0105 Pani\/Panu na warunkach okre\u015blonych w RODO nast\u0119puj\u0105ce prawa:<br>o prawo dost\u0119pu do swoich danych oraz otrzymania ich kopii,<br>o prawo do sprostowania (poprawiania) swoich danych,<br>o prawo do usuni\u0119cia danych osobowych,<br>o prawo do ograniczenia przetwarzania danych,<br>o prawo do sprzeciwu.<br>Ch\u0119\u0107 skorzystania z wy\u017c. wym. praw mo\u017cna sygnalizowa\u0107 przesy\u0142aj\u0105c stosown\u0105<br>informacj\u0119 na adres kontakt@projektursynow.org.<\/p>\n","protected":false},"excerpt":{"rendered":"<p>Prawo wniesienia skargi do organu nadzorczegoKa\u017cda osoba, kt\u00f3rej dane s\u0105 przetwarzane przez administratora ma prawo wnie\u015b\u0107 skarg\u0119 na przetwarzanie danych do Prezesa Urz\u0119du Ochrony Danych Osobowych (uodo.gov.pl). Okres przetwarzania danych&hellip;<\/p>\n","protected":false},"author":1,"featured_media":0,"parent":0,"menu_order":0,"comment_status":"closed","ping_status":"open","template":"","meta":{"footnotes":""},"class_list":["post-3","page","type-page","status-publish","hentry"],"yoast_head":"<!-- This site is optimized with the Yoast SEO plugin v26.8 - https:\/\/yoast.com\/product\/yoast-seo-wordpress\/ -->\n<title>Polityka prywatno\u015bci - Wiadukt Pileckiego<\/title>\n<meta name=\"robots\" content=\"index, follow, max-snippet:-1, max-image-preview:large, max-video-preview:-1\" \/>\n<link rel=\"canonical\" href=\"https:\/\/www.wiaduktpileckiego.pl\/?page_id=3\" \/>\n<meta property=\"og:locale\" content=\"pl_PL\" \/>\n<meta property=\"og:type\" content=\"article\" \/>\n<meta property=\"og:title\" content=\"Polityka prywatno\u015bci - Wiadukt Pileckiego\" \/>\n<meta property=\"og:description\" content=\"Prawo wniesienia skargi do organu nadzorczegoKa\u017cda osoba, kt\u00f3rej dane s\u0105 przetwarzane przez administratora ma prawo wnie\u015b\u0107 skarg\u0119 na przetwarzanie danych do Prezesa Urz\u0119du Ochrony Danych Osobowych (uodo.gov.pl). Okres przetwarzania danych&hellip;\" \/>\n<meta property=\"og:url\" content=\"https:\/\/www.wiaduktpileckiego.pl\/?page_id=3\" \/>\n<meta property=\"og:site_name\" content=\"Wiadukt Pileckiego\" \/>\n<meta property=\"article:modified_time\" content=\"2025-04-24T18:02:20+00:00\" \/>\n<meta name=\"twitter:card\" content=\"summary_large_image\" \/>\n<meta name=\"twitter:label1\" content=\"Szacowany czas czytania\" \/>\n\t<meta name=\"twitter:data1\" content=\"4 minuty\" \/>\n<script type=\"application\/ld+json\" class=\"yoast-schema-graph\">{\"@context\":\"https:\/\/schema.org\",\"@graph\":[{\"@type\":\"WebPage\",\"@id\":\"https:\/\/www.wiaduktpileckiego.pl\/?page_id=3\",\"url\":\"https:\/\/www.wiaduktpileckiego.pl\/?page_id=3\",\"name\":\"Polityka prywatno\u015bci - Wiadukt Pileckiego\",\"isPartOf\":{\"@id\":\"https:\/\/www.wiaduktpileckiego.pl\/#website\"},\"datePublished\":\"2025-02-13T21:25:37+00:00\",\"dateModified\":\"2025-04-24T18:02:20+00:00\",\"breadcrumb\":{\"@id\":\"https:\/\/www.wiaduktpileckiego.pl\/?page_id=3#breadcrumb\"},\"inLanguage\":\"pl-PL\",\"potentialAction\":[{\"@type\":\"ReadAction\",\"target\":[\"https:\/\/www.wiaduktpileckiego.pl\/?page_id=3\"]}]},{\"@type\":\"BreadcrumbList\",\"@id\":\"https:\/\/www.wiaduktpileckiego.pl\/?page_id=3#breadcrumb\",\"itemListElement\":[{\"@type\":\"ListItem\",\"position\":1,\"name\":\"Strona g\u0142\u00f3wna\",\"item\":\"https:\/\/www.wiaduktpileckiego.pl\/\"},{\"@type\":\"ListItem\",\"position\":2,\"name\":\"Polityka prywatno\u015bci\"}]},{\"@type\":\"WebSite\",\"@id\":\"https:\/\/www.wiaduktpileckiego.pl\/#website\",\"url\":\"https:\/\/www.wiaduktpileckiego.pl\/\",\"name\":\"Wiadukt Pileckiego\",\"description\":\"Petycja w sprawie odbudowy wiaduktu na skrzy\u017cowaniu ul. Pileckiego i Pu\u0142awskiej\",\"publisher\":{\"@id\":\"https:\/\/www.wiaduktpileckiego.pl\/#organization\"},\"potentialAction\":[{\"@type\":\"SearchAction\",\"target\":{\"@type\":\"EntryPoint\",\"urlTemplate\":\"https:\/\/www.wiaduktpileckiego.pl\/?s={search_term_string}\"},\"query-input\":{\"@type\":\"PropertyValueSpecification\",\"valueRequired\":true,\"valueName\":\"search_term_string\"}}],\"inLanguage\":\"pl-PL\"},{\"@type\":\"Organization\",\"@id\":\"https:\/\/www.wiaduktpileckiego.pl\/#organization\",\"name\":\"Wiadukt Pileckiego\",\"url\":\"https:\/\/www.wiaduktpileckiego.pl\/\",\"logo\":{\"@type\":\"ImageObject\",\"inLanguage\":\"pl-PL\",\"@id\":\"https:\/\/www.wiaduktpileckiego.pl\/#\/schema\/logo\/image\/\",\"url\":\"https:\/\/www.wiaduktpileckiego.pl\/wp-content\/uploads\/2025\/03\/cropped-1605391323020250211112414-1.jpg\",\"contentUrl\":\"https:\/\/www.wiaduktpileckiego.pl\/wp-content\/uploads\/2025\/03\/cropped-1605391323020250211112414-1.jpg\",\"width\":900,\"height\":216,\"caption\":\"Wiadukt Pileckiego\"},\"image\":{\"@id\":\"https:\/\/www.wiaduktpileckiego.pl\/#\/schema\/logo\/image\/\"}}]}<\/script>\n<!-- \/ Yoast SEO plugin. -->","yoast_head_json":{"title":"Polityka prywatno\u015bci - Wiadukt Pileckiego","robots":{"index":"index","follow":"follow","max-snippet":"max-snippet:-1","max-image-preview":"max-image-preview:large","max-video-preview":"max-video-preview:-1"},"canonical":"https:\/\/www.wiaduktpileckiego.pl\/?page_id=3","og_locale":"pl_PL","og_type":"article","og_title":"Polityka prywatno\u015bci - Wiadukt Pileckiego","og_description":"Prawo wniesienia skargi do organu nadzorczegoKa\u017cda osoba, kt\u00f3rej dane s\u0105 przetwarzane przez administratora ma prawo wnie\u015b\u0107 skarg\u0119 na przetwarzanie danych do Prezesa Urz\u0119du Ochrony Danych Osobowych (uodo.gov.pl). Okres przetwarzania danych&hellip;","og_url":"https:\/\/www.wiaduktpileckiego.pl\/?page_id=3","og_site_name":"Wiadukt Pileckiego","article_modified_time":"2025-04-24T18:02:20+00:00","twitter_card":"summary_large_image","twitter_misc":{"Szacowany czas czytania":"4 minuty"},"schema":{"@context":"https:\/\/schema.org","@graph":[{"@type":"WebPage","@id":"https:\/\/www.wiaduktpileckiego.pl\/?page_id=3","url":"https:\/\/www.wiaduktpileckiego.pl\/?page_id=3","name":"Polityka prywatno\u015bci - Wiadukt Pileckiego","isPartOf":{"@id":"https:\/\/www.wiaduktpileckiego.pl\/#website"},"datePublished":"2025-02-13T21:25:37+00:00","dateModified":"2025-04-24T18:02:20+00:00","breadcrumb":{"@id":"https:\/\/www.wiaduktpileckiego.pl\/?page_id=3#breadcrumb"},"inLanguage":"pl-PL","potentialAction":[{"@type":"ReadAction","target":["https:\/\/www.wiaduktpileckiego.pl\/?page_id=3"]}]},{"@type":"BreadcrumbList","@id":"https:\/\/www.wiaduktpileckiego.pl\/?page_id=3#breadcrumb","itemListElement":[{"@type":"ListItem","position":1,"name":"Strona g\u0142\u00f3wna","item":"https:\/\/www.wiaduktpileckiego.pl\/"},{"@type":"ListItem","position":2,"name":"Polityka prywatno\u015bci"}]},{"@type":"WebSite","@id":"https:\/\/www.wiaduktpileckiego.pl\/#website","url":"https:\/\/www.wiaduktpileckiego.pl\/","name":"Wiadukt Pileckiego","description":"Petycja w sprawie odbudowy wiaduktu na skrzy\u017cowaniu ul. Pileckiego i Pu\u0142awskiej","publisher":{"@id":"https:\/\/www.wiaduktpileckiego.pl\/#organization"},"potentialAction":[{"@type":"SearchAction","target":{"@type":"EntryPoint","urlTemplate":"https:\/\/www.wiaduktpileckiego.pl\/?s={search_term_string}"},"query-input":{"@type":"PropertyValueSpecification","valueRequired":true,"valueName":"search_term_string"}}],"inLanguage":"pl-PL"},{"@type":"Organization","@id":"https:\/\/www.wiaduktpileckiego.pl\/#organization","name":"Wiadukt Pileckiego","url":"https:\/\/www.wiaduktpileckiego.pl\/","logo":{"@type":"ImageObject","inLanguage":"pl-PL","@id":"https:\/\/www.wiaduktpileckiego.pl\/#\/schema\/logo\/image\/","url":"https:\/\/www.wiaduktpileckiego.pl\/wp-content\/uploads\/2025\/03\/cropped-1605391323020250211112414-1.jpg","contentUrl":"https:\/\/www.wiaduktpileckiego.pl\/wp-content\/uploads\/2025\/03\/cropped-1605391323020250211112414-1.jpg","width":900,"height":216,"caption":"Wiadukt Pileckiego"},"image":{"@id":"https:\/\/www.wiaduktpileckiego.pl\/#\/schema\/logo\/image\/"}}]}},"_links":{"self":[{"href":"https:\/\/www.wiaduktpileckiego.pl\/index.php?rest_route=\/wp\/v2\/pages\/3","targetHints":{"allow":["GET"]}}],"collection":[{"href":"https:\/\/www.wiaduktpileckiego.pl\/index.php?rest_route=\/wp\/v2\/pages"}],"about":[{"href":"https:\/\/www.wiaduktpileckiego.pl\/index.php?rest_route=\/wp\/v2\/types\/page"}],"author":[{"embeddable":true,"href":"https:\/\/www.wiaduktpileckiego.pl\/index.php?rest_route=\/wp\/v2\/users\/1"}],"replies":[{"embeddable":true,"href":"https:\/\/www.wiaduktpileckiego.pl\/index.php?rest_route=%2Fwp%2Fv2%2Fcomments&post=3"}],"version-history":[{"count":3,"href":"https:\/\/www.wiaduktpileckiego.pl\/index.php?rest_route=\/wp\/v2\/pages\/3\/revisions"}],"predecessor-version":[{"id":96,"href":"https:\/\/www.wiaduktpileckiego.pl\/index.php?rest_route=\/wp\/v2\/pages\/3\/revisions\/96"}],"wp:attachment":[{"href":"https:\/\/www.wiaduktpileckiego.pl\/index.php?rest_route=%2Fwp%2Fv2%2Fmedia&parent=3"}],"curies":[{"name":"wp","href":"https:\/\/api.w.org\/{rel}","templated":true}]}}